{"id":1054,"date":"2019-02-13T23:00:17","date_gmt":"2019-02-13T23:00:17","guid":{"rendered":"https:\/\/resourcesfordanceteachers.com\/store\/?post_type=product&#038;p=1054"},"modified":"2020-02-10T01:34:20","modified_gmt":"2020-02-10T01:34:20","slug":"boys-girls-preschool-ballet-coloring-pages-seasonal-holiday","status":"publish","type":"product","link":"https:\/\/resourcesfordanceteachers.com\/store\/product\/boys-girls-preschool-ballet-coloring-pages-seasonal-holiday\/","title":{"rendered":"Girls and Boys Preschool Ballet Coloring Pages Seasonal and holiday"},"content":{"rendered":"<h2><span style=\"color: #339966;\">Boys and girls Preschool Ballet coloring pages &#8211;\u00a0<\/span><span style=\"color: #339966;\">Seasonal and Holiday<\/span><\/h2>\n<p>No more scouring the internet for the perfect boys and girls Preschool Ballet coloring pages! \u00a0They are here &#8211; all in a complete coloring page pack for boys and girls!!! Resources for dance teachers has you covered with preschool ballet coloring pages for Summer, Autumn\/Fall, (both are included) Winter and Spring PLUS Valentines, Easter, Halloween, Christmas and birthday. These are perfect for your themed classes and also wonderful for junior school colouring competitions and summer camps. \u00a0They are also wonderful for keeping little hands busy at recital and competitions. \u00a0The boys and girls preschool ballet seasonal and holiday pages are beautifully designed to show technically correct positions whilst celebrating the seasons and holidays. \u00a0These packs come as a digital download, so purchase once and print again and again. There are over 20 girls and boys preschool coloring pages to enjoy.<\/p>\n<p>We all want to encourage our boy dancers, especially in the preschool years. \u00a0The preschool colouring pages designed for boys AND girls means that everyone is included. \u00a0These colouring pages are great little hooks to keep your preschoolers interested and engaged. \u00a0A thriving preschool program is the basis of any successful dance studio, and these professional pages help signal to parents that your program is organised, educational and fun. \u00a0The Preschool ballet birthday coloring page is particularly great to make the birthday boy or girl feel extra special on their birthday. \u00a0There is room to write the child&#8217;s name for a personal touch.<\/p>\n<p>Resources for Dance teachers provides professional resources for help make your job as a Preschool Dance Teacher or studio owner easier. \u00a0Please browse our store for other great Preschool Dance Resources, including more<a href=\"https:\/\/resourcesfordanceteachers.com\/store\/product-category\/coloring-pages\/\"> preschool ballet coloring pages for boys and girls<\/a> plus <a href=\"https:\/\/resourcesfordanceteachers.com\/store\/product-category\/ballet-theory\/\">ballet theory resources<\/a> and the powerful tool being used by top studios worldwide to skyrocket dancer success &#8211; <a href=\"https:\/\/resourcesfordanceteachers.com\/store\/product\/goal-setting-dancers-workbook-printables\/\">growth mindset.<\/a><\/p>\n","protected":false},"excerpt":{"rendered":"<p>Boys and girls Preschool Ballet coloring pages &#8211;\u00a0Seasonal and Holiday No more scouring the internet for the perfect boys and girls Preschool Ballet coloring pages! \u00a0They are here &#8211; all in a complete coloring page pack for boys and girls!!! Resources for dance teachers has you covered with preschool ballet coloring pages for Summer, Autumn\/Fall, [&hellip;]<\/p>\n","protected":false},"featured_media":1058,"comment_status":"closed","ping_status":"closed","template":"","meta":{"spay_email":"","jetpack_publicize_message":"","jetpack_is_tweetstorm":false,"jetpack_publicize_feature_enabled":true},"product_cat":[187,18,376],"product_tag":[],"class_list":["post-1054","product","type-product","status-publish","has-post-thumbnail","hentry","product_cat-ballet-activites","product_cat-coloring-pages","product_cat-ballet-teacher-resources"],"jetpack_publicize_connections":[],"jetpack-related-posts":[{"id":67,"url":"https:\/\/resourcesfordanceteachers.com\/store\/product\/preschool-dance-colouring-pages-value-pack\/","url_meta":{"origin":1054,"position":0},"title":"Preschool Dance colouring pages value pack &#8211; girls","date":"January 9, 2018","format":false,"excerpt":"Preschool Dance Colouring Pages - value pack Delight your baby ballerinas with these beautiful Nina Ballerina Preschool Ballet \u00a0colouring pages. \u00a0Reinforce the new steps and technical terms you are teaching in class. \u00a0These ballet colouring pages are also perfect for ballerina birthday parties and ballet camps. \u00a0My preschool classes are\u2026","rel":"","context":"Similar post","img":{"alt_text":"","src":"https:\/\/i1.wp.com\/resourcesfordanceteachers.com\/store\/wp-content\/uploads\/2018\/01\/1.png?resize=350%2C200&ssl=1","width":350,"height":200},"classes":[]},{"id":3704,"url":"https:\/\/resourcesfordanceteachers.com\/store\/product\/brainy-ballerinas-preschool-ballet-activity-sheets\/","url_meta":{"origin":1054,"position":1},"title":"Brainy Ballerinas Preschool Ballet Activity Sheets","date":"April 27, 2021","format":false,"excerpt":"Brainy Ballerinas Preschool Ballet Activity Sheets Are you looking to add value to your Preschool Dance program? \u00a0Looking for something to set your program apart? Say hello to the Brainy Ballerinas Preschool Ballet Activity Sheets! Preschool educational activity books are HOT right now. \u00a0Parents are always searching for ways to\u2026","rel":"","context":"Similar post","img":{"alt_text":"","src":"https:\/\/i0.wp.com\/resourcesfordanceteachers.com\/store\/wp-content\/uploads\/2021\/04\/1.png?resize=350%2C200&ssl=1","width":350,"height":200},"classes":[]},{"id":818,"url":"https:\/\/resourcesfordanceteachers.com\/store\/product\/ballet-coloring-pages-boys\/","url_meta":{"origin":1054,"position":2},"title":"Ballet coloring pages for boys","date":"August 27, 2018","format":false,"excerpt":"The long awaited Ballet coloring pages for boys value pack is here! \u00a0The pack features 10 beautifully hand drawn illustrations. Pages include first position, second position, pli\u00e9, tendu, saut\u00e9, retir\u00e9\/pass\u00e9, relev\u00e9\/elev\u00e9 and a welcome to dance class page. \u00a0These delightful ballet colouring pages especially for boys are an absolute hit\u2026","rel":"","context":"Similar post","img":{"alt_text":"","src":"https:\/\/i0.wp.com\/resourcesfordanceteachers.com\/store\/wp-content\/uploads\/2018\/08\/ad.jpg?resize=350%2C200&ssl=1","width":350,"height":200},"classes":[]},{"id":4328,"url":"https:\/\/resourcesfordanceteachers.com\/store\/product\/ballet-coloring-pages-5-positions-boys\/","url_meta":{"origin":1054,"position":3},"title":"Boy&#8217;s Ballet Coloring Pages &#8211; 5 positions","date":"October 15, 2021","format":false,"excerpt":"Boy's Ballet Coloring Pages - 5 positions - By popular demand, please find our super popular ballet coloring pages showing the 5 positions of the feet. \u00a0Joining our range of technically correct and beautifully designed ballet coloring pages is this 5 positions of the feet collection for boys. \u00a0These boy's\u2026","rel":"","context":"Similar post","img":{"alt_text":"","src":"https:\/\/i0.wp.com\/resourcesfordanceteachers.com\/store\/wp-content\/uploads\/2021\/10\/1-1.jpg?resize=350%2C200&ssl=1","width":350,"height":200},"classes":[]},{"id":4334,"url":"https:\/\/resourcesfordanceteachers.com\/store\/product\/girls-ballet-coloring-pages-5-positions\/","url_meta":{"origin":1054,"position":4},"title":"Girls ballet coloring pages &#8211; 5 positions","date":"October 15, 2021","format":false,"excerpt":"Girls Ballet Coloring Pages - 5 positions By popular demand, please find Nina Ballerina in her newest series - \u00a0 girls ballet coloring pages- 5 positions of the feet. \u00a0Joining our range of technically correct and beautifully designed ballet coloring pages is this 5 positions of the feet collection for\u2026","rel":"","context":"Similar post","img":{"alt_text":"","src":"https:\/\/i2.wp.com\/resourcesfordanceteachers.com\/store\/wp-content\/uploads\/2021\/10\/1-2.jpg?resize=350%2C200&ssl=1","width":350,"height":200},"classes":[]},{"id":4245,"url":"https:\/\/resourcesfordanceteachers.com\/store\/product\/halloween-preschool-dance-class-plan-activity-pack\/","url_meta":{"origin":1054,"position":5},"title":"Halloween Preschool Dance Class Plan and Activity Pack","date":"October 5, 2021","format":false,"excerpt":"Themed Preschool Dance Classes are always a hit but they can take HOURS of your time, searching for music, games, activities, designing circuits, hunting out coloring pages, and activity sheets, making graphics for social media. Relax! No need to reinvent the wheel, it's all been done for you! \u00a0All you\u2026","rel":"","context":"Similar post","img":{"alt_text":"","src":"https:\/\/i1.wp.com\/resourcesfordanceteachers.com\/store\/wp-content\/uploads\/2021\/10\/1.jpg?resize=350%2C200&ssl=1","width":350,"height":200},"classes":[]}],"_links":{"self":[{"href":"https:\/\/resourcesfordanceteachers.com\/store\/wp-json\/wp\/v2\/product\/1054","targetHints":{"allow":["GET"]}}],"collection":[{"href":"https:\/\/resourcesfordanceteachers.com\/store\/wp-json\/wp\/v2\/product"}],"about":[{"href":"https:\/\/resourcesfordanceteachers.com\/store\/wp-json\/wp\/v2\/types\/product"}],"replies":[{"embeddable":true,"href":"https:\/\/resourcesfordanceteachers.com\/store\/wp-json\/wp\/v2\/comments?post=1054"}],"wp:featuredmedia":[{"embeddable":true,"href":"https:\/\/resourcesfordanceteachers.com\/store\/wp-json\/wp\/v2\/media\/1058"}],"wp:attachment":[{"href":"https:\/\/resourcesfordanceteachers.com\/store\/wp-json\/wp\/v2\/media?parent=1054"}],"wp:term":[{"taxonomy":"product_cat","embeddable":true,"href":"https:\/\/resourcesfordanceteachers.com\/store\/wp-json\/wp\/v2\/product_cat?post=1054"},{"taxonomy":"product_tag","embeddable":true,"href":"https:\/\/resourcesfordanceteachers.com\/store\/wp-json\/wp\/v2\/product_tag?post=1054"}],"curies":[{"name":"wp","href":"https:\/\/api.w.org\/{rel}","templated":true}]}}