{"id":368,"date":"2018-04-10T01:37:37","date_gmt":"2018-04-10T01:37:37","guid":{"rendered":"https:\/\/resourcesfordanceteachers.com\/store\/?post_type=product&#038;p=368"},"modified":"2021-05-19T06:22:09","modified_gmt":"2021-05-19T06:22:09","slug":"ballet-body-directions-activity-pack","status":"publish","type":"product","link":"https:\/\/resourcesfordanceteachers.com\/store\/product\/ballet-body-directions-activity-pack\/","title":{"rendered":"Ballet Body Directions Activity Pack"},"content":{"rendered":"<p>Help your students have fun learning their body directions with this fun new activity pack. \u00a0The ballet body directions activity pack includes over 20 pages of worksheets, colouring sheets and flashcards to help you teach ballet theory with ease. \u00a0The pack is designed to adapt to different methods and includes the 9 directions of the body, crois\u00e9 devant,\u00a0\u00e0 la quatri\u00e8me devant, effac\u00e9 devant, crois\u00e9 derri\u00e8re, \u00e0 la quatri\u00e8me derri\u00e8re, effac\u00e9 derri\u00e8re, \u00e9cart\u00e9 devant, \u00e0 la seconde, \u00e9cart\u00e9 derri\u00e8re, plus the 8 directions of the body in Cecchetti.<\/p>\n<p>Included in the pack are beautiful hand drawn illustrations meticulously designed to be to only technically accurate but also to appeal to students of today. The pack includes information worksheets including illustrations of the body position. \u00a0These are also perfect for printing and putting up in the studio, fill in the gap worksheets, and individual colouring sheets. \u00a0These sheets include an illustration of a position, plus the name and also include \u00a0space to write important points to remember. \u00a0These are an amazing teaching tool that really helps to reinforce ballet theory. \u00a0Also included are over 40 flashcards. \u00a0The flash cards include illustrations of body directions, French terminology and English translations and are fully adaptable. \u00a0You can either have the students match the pictures with just the French names or you can also include the English translations. \u00a0Only learning a few of the positions at a time? \u00a0Just give out the cards you need! \u00a0These are great for group work or in workshops. \u00a0The ballet body directions activity pack has everything your need to successfully teach the body positons. \u00a0The pack can be used in class, as take home activities or as part of camps or workshops. \u00a0The sheets are also perfect for popping up in the studio as a reference.<\/p>\n<p>Your students will love the illustrations and the different activities and learning ballet theory will no longer be a struggle or a chore. \u00a0Because the body directions pack is delivered to you as \u00a0downloadable pdfs you can print as many sheets as you need over and over again!<\/p>\n","protected":false},"excerpt":{"rendered":"<p>Help your students have fun learning their body directions with this fun new activity pack. \u00a0The ballet body directions activity pack includes over 20 pages of worksheets, colouring sheets and flashcards to help you teach ballet theory with ease. \u00a0The pack is designed to adapt to different methods and includes the 9 directions of the [&hellip;]<\/p>\n","protected":false},"featured_media":375,"comment_status":"closed","ping_status":"closed","template":"","meta":{"spay_email":"","jetpack_publicize_message":"","jetpack_is_tweetstorm":false,"jetpack_publicize_feature_enabled":true},"product_cat":[187,376,125,393],"product_tag":[],"class_list":["post-368","product","type-product","status-publish","has-post-thumbnail","hentry","product_cat-ballet-activites","product_cat-ballet-teacher-resources","product_cat-ballet-theory","product_cat-resources-for-dancers"],"jetpack_publicize_connections":[],"jetpack-related-posts":[{"id":299,"url":"https:\/\/resourcesfordanceteachers.com\/store\/product\/ballet-theory-mega-activity-pack\/","url_meta":{"origin":368,"position":0},"title":"Ballet Theory Mega Activity Pack","date":"March 31, 2018","format":false,"excerpt":"Ballet Theory Mega Activity Pack Never be stuck for a theory activity again! \u00a0I have assembled my most popular and beloved theory worksheets and bundled them all up into one big value pack. \u00a0This ballet \u00a0theory activity pack contains over 20 pages of worksheets, coloring pages, word searches, flash cards,\u2026","rel":"","context":"Similar post","img":{"alt_text":"ballet theory","src":"https:\/\/i2.wp.com\/resourcesfordanceteachers.com\/store\/wp-content\/uploads\/2018\/03\/We-are-having-a-baby-girl.jpg?resize=350%2C200&ssl=1","width":350,"height":200},"classes":[]},{"id":613,"url":"https:\/\/resourcesfordanceteachers.com\/store\/product\/ballet-activity-pack\/","url_meta":{"origin":368,"position":1},"title":"Ballet Activity Pack &#8211; Recitals, camps, parties","date":"July 11, 2018","format":false,"excerpt":"Ballet Activity Pack Activities for dance recitals, camps and parties This ballet activity pack is perfect for keeping little hands busy backstage at dance recitals, for summer camps, ballet parties or for use with your regular ballet program. The ballet activity pack includes a set of 12 printable activity sheets\u2026","rel":"","context":"Similar post","img":{"alt_text":"","src":"https:\/\/i2.wp.com\/resourcesfordanceteachers.com\/store\/wp-content\/uploads\/2018\/07\/Ballet-Activity-pack.jpg?resize=350%2C200&ssl=1","width":350,"height":200},"classes":[]},{"id":1977,"url":"https:\/\/resourcesfordanceteachers.com\/store\/product\/christmas-ballet-activity-pack\/","url_meta":{"origin":368,"position":2},"title":"Christmas Ballet Activity Pack","date":"November 18, 2019","format":false,"excerpt":"These Christmas Ballet Activity sheets are an absolute hit with my dancers. These are perfect for those last lessons before Christmas break. Included in the pack are ten Christmas themed activity sheets for boys and girls. Activities include Boy and Girl coloring pages Boy and Girl copy to draw Help\u2026","rel":"","context":"Similar post","img":{"alt_text":"","src":"https:\/\/i1.wp.com\/resourcesfordanceteachers.com\/store\/wp-content\/uploads\/2019\/11\/5-1.jpg?resize=350%2C200&ssl=1","width":350,"height":200},"classes":[]},{"id":2394,"url":"https:\/\/resourcesfordanceteachers.com\/store\/product\/ballet-activity-pack-and-coloring-pages-ii\/","url_meta":{"origin":368,"position":3},"title":"Ballet Activity Pack and Coloring pages II","date":"March 26, 2020","format":false,"excerpt":"Due to popular demand, we hope you enjoy the second downloadable pdf Ballet Activity and Coloring Pack. These downloadable Ballet Activity Packs are perfect for keeping little hands busy wherever you may be. They were originally designed for use Backstage at Recital or for Dance camps but with the 2020\u2026","rel":"","context":"Similar post","img":{"alt_text":"","src":"https:\/\/i2.wp.com\/resourcesfordanceteachers.com\/store\/wp-content\/uploads\/2020\/03\/Ballet-Activity-Pack.jpg?resize=350%2C200&ssl=1","width":350,"height":200},"classes":[]},{"id":4245,"url":"https:\/\/resourcesfordanceteachers.com\/store\/product\/halloween-preschool-dance-class-plan-activity-pack\/","url_meta":{"origin":368,"position":4},"title":"Halloween Preschool Dance Class Plan and Activity Pack","date":"October 5, 2021","format":false,"excerpt":"Themed Preschool Dance Classes are always a hit but they can take HOURS of your time, searching for music, games, activities, designing circuits, hunting out coloring pages, and activity sheets, making graphics for social media. Relax! No need to reinvent the wheel, it's all been done for you! \u00a0All you\u2026","rel":"","context":"Similar post","img":{"alt_text":"","src":"https:\/\/i1.wp.com\/resourcesfordanceteachers.com\/store\/wp-content\/uploads\/2021\/10\/1.jpg?resize=350%2C200&ssl=1","width":350,"height":200},"classes":[]},{"id":2906,"url":"https:\/\/resourcesfordanceteachers.com\/store\/product\/my-first-ballet-theory-pack\/","url_meta":{"origin":368,"position":5},"title":"My first ballet theory pack","date":"July 23, 2020","format":false,"excerpt":"You asked for it and here it is! A ballet theory activity pack aimed at younger students aged 6-11. The pack offers an age appropriate introduction to ballet theory and is based on pedagogically sound activities and exercises for younger dancers. There are coloring pages, crosswords, tracing exercises and charming\u2026","rel":"","context":"Similar post","img":{"alt_text":"","src":"https:\/\/i1.wp.com\/resourcesfordanceteachers.com\/store\/wp-content\/uploads\/2020\/07\/1.png?resize=350%2C200&ssl=1","width":350,"height":200},"classes":[]}],"_links":{"self":[{"href":"https:\/\/resourcesfordanceteachers.com\/store\/wp-json\/wp\/v2\/product\/368","targetHints":{"allow":["GET"]}}],"collection":[{"href":"https:\/\/resourcesfordanceteachers.com\/store\/wp-json\/wp\/v2\/product"}],"about":[{"href":"https:\/\/resourcesfordanceteachers.com\/store\/wp-json\/wp\/v2\/types\/product"}],"replies":[{"embeddable":true,"href":"https:\/\/resourcesfordanceteachers.com\/store\/wp-json\/wp\/v2\/comments?post=368"}],"wp:featuredmedia":[{"embeddable":true,"href":"https:\/\/resourcesfordanceteachers.com\/store\/wp-json\/wp\/v2\/media\/375"}],"wp:attachment":[{"href":"https:\/\/resourcesfordanceteachers.com\/store\/wp-json\/wp\/v2\/media?parent=368"}],"wp:term":[{"taxonomy":"product_cat","embeddable":true,"href":"https:\/\/resourcesfordanceteachers.com\/store\/wp-json\/wp\/v2\/product_cat?post=368"},{"taxonomy":"product_tag","embeddable":true,"href":"https:\/\/resourcesfordanceteachers.com\/store\/wp-json\/wp\/v2\/product_tag?post=368"}],"curies":[{"name":"wp","href":"https:\/\/api.w.org\/{rel}","templated":true}]}}