{"id":4334,"date":"2021-10-15T03:22:47","date_gmt":"2021-10-15T03:22:47","guid":{"rendered":"https:\/\/resourcesfordanceteachers.com\/store\/?post_type=product&#038;p=4334"},"modified":"2022-10-21T02:27:16","modified_gmt":"2022-10-21T02:27:16","slug":"girls-ballet-coloring-pages-5-positions","status":"publish","type":"product","link":"https:\/\/resourcesfordanceteachers.com\/store\/product\/girls-ballet-coloring-pages-5-positions\/","title":{"rendered":"Girls ballet coloring pages &#8211; 5 positions"},"content":{"rendered":"<h1>Girls Ballet Coloring Pages &#8211; 5 positions<\/h1>\n<p>By popular demand, please find Nina Ballerina in her newest series &#8211; \u00a0 girls ballet coloring pages- 5 positions of the feet. \u00a0Joining our range of technically correct and beautifully designed ballet coloring pages is this 5 positions of the feet collection for girls. \u00a0These girls ballet coloring pages \u00a0&#8211; 5 positions are perfect for reinforcing what is learned in class and make a great welcome back to dance or end-of-semester treat. \u00a0The girls ballet coloring pages &#8211; 5 positions show each of the 5 positions of the feet, first position, second position, third position, fourth position, and fifth position. \u00a0These are also ideal for hanging up around the studio<\/p>\n<p>Girls Ballet Coloring pages &#8211; 5 positions &#8211; features<\/p>\n<ul>\n<li>Technically correct representation of the 5 positions of the feet<\/li>\n<li>Tracing activity for each of the 5 positions<\/li>\n<li>Hands placed on hips in line with best practice pedagogically sound teaching methodology, allowing young students to focus on their body position before introducing arms.<\/li>\n<\/ul>\n<p>Once purchased you can print out your girls ballet coloring pages \u00a0&#8211; 5 positions as many times as you like. You can hand them out in class or email them home. \u00a0They make a lovely welcome back to dance treat.<\/p>\n<p>These girls ballet coloring pages &#8211; 5 positions are part of the Ballet Blueprint series &#8211; part of the bestselling downloadable ballet curriculum used by studios worldwide to provide quality ballet instruction. The Blueprint series includes a fully choreographed curriculum, playlist, technique checklist, tips for classroom behaviors, games, circuits, activities activity sheets, and a full range of coloring pages for boys and girls featuring 5 positions of the feet and a range of basic steps.<\/p>\n<p>&nbsp;<\/p>\n","protected":false},"excerpt":{"rendered":"<p>Girls Ballet Coloring Pages &#8211; 5 positions By popular demand, please find Nina Ballerina in her newest series &#8211; \u00a0 girls ballet coloring pages- 5 positions of the feet. \u00a0Joining our range of technically correct and beautifully designed ballet coloring pages is this 5 positions of the feet collection for girls. \u00a0These girls ballet coloring [&hellip;]<\/p>\n","protected":false},"featured_media":4336,"comment_status":"closed","ping_status":"closed","template":"","meta":{"spay_email":"","jetpack_publicize_message":"","jetpack_is_tweetstorm":false,"jetpack_publicize_feature_enabled":true},"product_cat":[187,391,18,376,237,394],"product_tag":[],"class_list":["post-4334","product","type-product","status-publish","has-post-thumbnail","hentry","product_cat-ballet-activites","product_cat-ballet-blueprint-class-plans","product_cat-coloring-pages","product_cat-ballet-teacher-resources","product_cat-camp-and-party-activities","product_cat-dance-coloring-pages"],"jetpack_publicize_connections":[],"jetpack-related-posts":[{"id":4328,"url":"https:\/\/resourcesfordanceteachers.com\/store\/product\/ballet-coloring-pages-5-positions-boys\/","url_meta":{"origin":4334,"position":0},"title":"Boy&#8217;s Ballet Coloring Pages &#8211; 5 positions","date":"October 15, 2021","format":false,"excerpt":"Boy's Ballet Coloring Pages - 5 positions - By popular demand, please find our super popular ballet coloring pages showing the 5 positions of the feet. \u00a0Joining our range of technically correct and beautifully designed ballet coloring pages is this 5 positions of the feet collection for boys. \u00a0These boy's\u2026","rel":"","context":"Similar post","img":{"alt_text":"","src":"https:\/\/i0.wp.com\/resourcesfordanceteachers.com\/store\/wp-content\/uploads\/2021\/10\/1-1.jpg?resize=350%2C200&ssl=1","width":350,"height":200},"classes":[]},{"id":1054,"url":"https:\/\/resourcesfordanceteachers.com\/store\/product\/boys-girls-preschool-ballet-coloring-pages-seasonal-holiday\/","url_meta":{"origin":4334,"position":1},"title":"Girls and Boys Preschool Ballet Coloring Pages Seasonal and holiday","date":"February 13, 2019","format":false,"excerpt":"Boys and girls Preschool Ballet coloring pages -\u00a0Seasonal and Holiday No more scouring the internet for the perfect boys and girls Preschool Ballet coloring pages! \u00a0They are here - all in a complete coloring page pack for boys and girls!!! Resources for dance teachers has you covered with preschool ballet\u2026","rel":"","context":"Similar post","img":{"alt_text":"","src":"https:\/\/i1.wp.com\/resourcesfordanceteachers.com\/store\/wp-content\/uploads\/2019\/02\/IMG_3090.jpg?resize=350%2C200&ssl=1","width":350,"height":200},"classes":[]},{"id":3041,"url":"https:\/\/resourcesfordanceteachers.com\/store\/product\/dance-styles-coloring-sheets\/","url_meta":{"origin":4334,"position":2},"title":"Dance styles coloring sheets","date":"August 25, 2020","format":false,"excerpt":"By popular demand, the downloadable dance styles coloring sheets for boys and girls is here! These beautifully drawn coloring sheets represent both boys and girl in ballet, jazz, tap, hip hop and lyrical\/contemporary. These ever popular coloring sheets are perfect for giving out in class or distributing online. Once you\u2026","rel":"","context":"Similar post","img":{"alt_text":"","src":"https:\/\/i1.wp.com\/resourcesfordanceteachers.com\/store\/wp-content\/uploads\/2020\/08\/1.png?resize=350%2C200&ssl=1","width":350,"height":200},"classes":[]},{"id":2906,"url":"https:\/\/resourcesfordanceteachers.com\/store\/product\/my-first-ballet-theory-pack\/","url_meta":{"origin":4334,"position":3},"title":"My first ballet theory pack","date":"July 23, 2020","format":false,"excerpt":"You asked for it and here it is! A ballet theory activity pack aimed at younger students aged 6-11. The pack offers an age appropriate introduction to ballet theory and is based on pedagogically sound activities and exercises for younger dancers. There are coloring pages, crosswords, tracing exercises and charming\u2026","rel":"","context":"Similar post","img":{"alt_text":"","src":"https:\/\/i1.wp.com\/resourcesfordanceteachers.com\/store\/wp-content\/uploads\/2020\/07\/1.png?resize=350%2C200&ssl=1","width":350,"height":200},"classes":[]},{"id":299,"url":"https:\/\/resourcesfordanceteachers.com\/store\/product\/ballet-theory-mega-activity-pack\/","url_meta":{"origin":4334,"position":4},"title":"Ballet Theory Mega Activity Pack","date":"March 31, 2018","format":false,"excerpt":"Ballet Theory Mega Activity Pack Never be stuck for a theory activity again! \u00a0I have assembled my most popular and beloved theory worksheets and bundled them all up into one big value pack. \u00a0This ballet \u00a0theory activity pack contains over 20 pages of worksheets, coloring pages, word searches, flash cards,\u2026","rel":"","context":"Similar post","img":{"alt_text":"ballet theory","src":"https:\/\/i2.wp.com\/resourcesfordanceteachers.com\/store\/wp-content\/uploads\/2018\/03\/We-are-having-a-baby-girl.jpg?resize=350%2C200&ssl=1","width":350,"height":200},"classes":[]},{"id":818,"url":"https:\/\/resourcesfordanceteachers.com\/store\/product\/ballet-coloring-pages-boys\/","url_meta":{"origin":4334,"position":5},"title":"Ballet coloring pages for boys","date":"August 27, 2018","format":false,"excerpt":"The long awaited Ballet coloring pages for boys value pack is here! \u00a0The pack features 10 beautifully hand drawn illustrations. Pages include first position, second position, pli\u00e9, tendu, saut\u00e9, retir\u00e9\/pass\u00e9, relev\u00e9\/elev\u00e9 and a welcome to dance class page. \u00a0These delightful ballet colouring pages especially for boys are an absolute hit\u2026","rel":"","context":"Similar post","img":{"alt_text":"","src":"https:\/\/i0.wp.com\/resourcesfordanceteachers.com\/store\/wp-content\/uploads\/2018\/08\/ad.jpg?resize=350%2C200&ssl=1","width":350,"height":200},"classes":[]}],"_links":{"self":[{"href":"https:\/\/resourcesfordanceteachers.com\/store\/wp-json\/wp\/v2\/product\/4334","targetHints":{"allow":["GET"]}}],"collection":[{"href":"https:\/\/resourcesfordanceteachers.com\/store\/wp-json\/wp\/v2\/product"}],"about":[{"href":"https:\/\/resourcesfordanceteachers.com\/store\/wp-json\/wp\/v2\/types\/product"}],"replies":[{"embeddable":true,"href":"https:\/\/resourcesfordanceteachers.com\/store\/wp-json\/wp\/v2\/comments?post=4334"}],"wp:featuredmedia":[{"embeddable":true,"href":"https:\/\/resourcesfordanceteachers.com\/store\/wp-json\/wp\/v2\/media\/4336"}],"wp:attachment":[{"href":"https:\/\/resourcesfordanceteachers.com\/store\/wp-json\/wp\/v2\/media?parent=4334"}],"wp:term":[{"taxonomy":"product_cat","embeddable":true,"href":"https:\/\/resourcesfordanceteachers.com\/store\/wp-json\/wp\/v2\/product_cat?post=4334"},{"taxonomy":"product_tag","embeddable":true,"href":"https:\/\/resourcesfordanceteachers.com\/store\/wp-json\/wp\/v2\/product_tag?post=4334"}],"curies":[{"name":"wp","href":"https:\/\/api.w.org\/{rel}","templated":true}]}}