{"id":67,"date":"2018-01-09T05:33:56","date_gmt":"2018-01-09T05:33:56","guid":{"rendered":"https:\/\/resourcesfordanceteachers.com\/store\/?post_type=product&#038;p=67"},"modified":"2023-09-27T09:31:22","modified_gmt":"2023-09-27T09:31:22","slug":"preschool-dance-colouring-pages-value-pack","status":"publish","type":"product","link":"https:\/\/resourcesfordanceteachers.com\/store\/product\/preschool-dance-colouring-pages-value-pack\/","title":{"rendered":"Preschool Dance colouring pages value pack &#8211; girls"},"content":{"rendered":"<h1 style=\"text-align: left;\">Preschool Dance Colouring Pages &#8211; value pack<\/h1>\n<p>Delight your baby ballerinas with these beautiful Nina Ballerina Preschool Ballet \u00a0colouring pages. \u00a0Reinforce the new steps and technical terms you are teaching in class. \u00a0These ballet colouring pages are also perfect for ballerina birthday parties and ballet camps. \u00a0My preschool classes are always SO excited when it is colouring page week and can\u2019t wait to show me their art work the next week. Included in this pack are ten pages in total, First position, second position, pli\u00e9, tendu, saut\u00e9, relev\u00e9\/elev\u00e9, retir\u00e9\/oass\u00e9 and a welcome to class page where you can write your name on the first lesson to help your tiny dancers remember. The pack includes sheets with both Elev\u00e9 and Relev\u00e9 and Pass\u00e9 and Retir\u00e9 so you can choose depending on your preference. \u00a0This product is a digital download and you will be able to download and start using them right away!<\/p>\n<p>&nbsp;<\/p>\n","protected":false},"excerpt":{"rendered":"<p>Preschool Dance Colouring Pages &#8211; value pack Delight your baby ballerinas with these beautiful Nina Ballerina Preschool Ballet \u00a0colouring pages. \u00a0Reinforce the new steps and technical terms you are teaching in class. \u00a0These ballet colouring pages are also perfect for ballerina birthday parties and ballet camps. \u00a0My preschool classes are always SO excited when it [&hellip;]<\/p>\n","protected":false},"featured_media":3276,"comment_status":"open","ping_status":"closed","template":"","meta":{"spay_email":"","jetpack_publicize_message":"","jetpack_is_tweetstorm":false,"jetpack_publicize_feature_enabled":true},"product_cat":[187,18,376,394],"product_tag":[],"class_list":["post-67","product","type-product","status-publish","has-post-thumbnail","hentry","product_cat-ballet-activites","product_cat-coloring-pages","product_cat-ballet-teacher-resources","product_cat-dance-coloring-pages"],"jetpack_publicize_connections":[],"jetpack-related-posts":[{"id":818,"url":"https:\/\/resourcesfordanceteachers.com\/store\/product\/ballet-coloring-pages-boys\/","url_meta":{"origin":67,"position":0},"title":"Ballet coloring pages for boys","date":"August 27, 2018","format":false,"excerpt":"The long awaited Ballet coloring pages for boys value pack is here! \u00a0The pack features 10 beautifully hand drawn illustrations. Pages include first position, second position, pli\u00e9, tendu, saut\u00e9, retir\u00e9\/pass\u00e9, relev\u00e9\/elev\u00e9 and a welcome to dance class page. \u00a0These delightful ballet colouring pages especially for boys are an absolute hit\u2026","rel":"","context":"Similar post","img":{"alt_text":"","src":"https:\/\/i0.wp.com\/resourcesfordanceteachers.com\/store\/wp-content\/uploads\/2018\/08\/ad.jpg?resize=350%2C200&ssl=1","width":350,"height":200},"classes":[]},{"id":1054,"url":"https:\/\/resourcesfordanceteachers.com\/store\/product\/boys-girls-preschool-ballet-coloring-pages-seasonal-holiday\/","url_meta":{"origin":67,"position":1},"title":"Girls and Boys Preschool Ballet Coloring Pages Seasonal and holiday","date":"February 13, 2019","format":false,"excerpt":"Boys and girls Preschool Ballet coloring pages -\u00a0Seasonal and Holiday No more scouring the internet for the perfect boys and girls Preschool Ballet coloring pages! \u00a0They are here - all in a complete coloring page pack for boys and girls!!! Resources for dance teachers has you covered with preschool ballet\u2026","rel":"","context":"Similar post","img":{"alt_text":"","src":"https:\/\/i1.wp.com\/resourcesfordanceteachers.com\/store\/wp-content\/uploads\/2019\/02\/IMG_3090.jpg?resize=350%2C200&ssl=1","width":350,"height":200},"classes":[]},{"id":613,"url":"https:\/\/resourcesfordanceteachers.com\/store\/product\/ballet-activity-pack\/","url_meta":{"origin":67,"position":2},"title":"Ballet Activity Pack &#8211; Recitals, camps, parties","date":"July 11, 2018","format":false,"excerpt":"Ballet Activity Pack Activities for dance recitals, camps and parties This ballet activity pack is perfect for keeping little hands busy backstage at dance recitals, for summer camps, ballet parties or for use with your regular ballet program. The ballet activity pack includes a set of 12 printable activity sheets\u2026","rel":"","context":"Similar post","img":{"alt_text":"","src":"https:\/\/i2.wp.com\/resourcesfordanceteachers.com\/store\/wp-content\/uploads\/2018\/07\/Ballet-Activity-pack.jpg?resize=350%2C200&ssl=1","width":350,"height":200},"classes":[]},{"id":726,"url":"https:\/\/resourcesfordanceteachers.com\/store\/product\/preschool-ballet-curriculum-class-plan-blueprint\/","url_meta":{"origin":67,"position":3},"title":"Preschool Ballet Blueprint &#8211; preschool ballet curriculum for 3-5 years","date":"August 14, 2018","format":false,"excerpt":"After years in the making, it's finally here, the Preschool Ballet Blueprint, a preschool ballet curriculum and class plan for ages 3-5. Tried and tested, flexible and adaptable, a complete curriculum for preschool Ballet classes. \u00a0You can relax knowing that your classes are not only fun and popular but also\u2026","rel":"","context":"Similar post","img":{"alt_text":"","src":"https:\/\/i2.wp.com\/resourcesfordanceteachers.com\/store\/wp-content\/uploads\/2018\/08\/A-complete-curriculum-2-1024x1024.jpg?resize=350%2C200","width":350,"height":200},"classes":[]},{"id":3704,"url":"https:\/\/resourcesfordanceteachers.com\/store\/product\/brainy-ballerinas-preschool-ballet-activity-sheets\/","url_meta":{"origin":67,"position":4},"title":"Brainy Ballerinas Preschool Ballet Activity Sheets","date":"April 27, 2021","format":false,"excerpt":"Brainy Ballerinas Preschool Ballet Activity Sheets Are you looking to add value to your Preschool Dance program? \u00a0Looking for something to set your program apart? Say hello to the Brainy Ballerinas Preschool Ballet Activity Sheets! Preschool educational activity books are HOT right now. \u00a0Parents are always searching for ways to\u2026","rel":"","context":"Similar post","img":{"alt_text":"","src":"https:\/\/i0.wp.com\/resourcesfordanceteachers.com\/store\/wp-content\/uploads\/2021\/04\/1.png?resize=350%2C200&ssl=1","width":350,"height":200},"classes":[]},{"id":102,"url":"https:\/\/resourcesfordanceteachers.com\/store\/product\/preschool-ballet-class-plan-blueprint-me-and-my-grown-up\/","url_meta":{"origin":67,"position":5},"title":"Preschool Ballet class plan Blueprint &#8211; me and my grown up","date":"January 14, 2018","format":false,"excerpt":"\u200f","rel":"","context":"Similar post","img":{"alt_text":"Preschool ballet class plan","src":"https:\/\/i1.wp.com\/resourcesfordanceteachers.com\/store\/wp-content\/uploads\/2018\/01\/meandmygrownupebbok-1.jpg?resize=350%2C200&ssl=1","width":350,"height":200},"classes":[]}],"_links":{"self":[{"href":"https:\/\/resourcesfordanceteachers.com\/store\/wp-json\/wp\/v2\/product\/67","targetHints":{"allow":["GET"]}}],"collection":[{"href":"https:\/\/resourcesfordanceteachers.com\/store\/wp-json\/wp\/v2\/product"}],"about":[{"href":"https:\/\/resourcesfordanceteachers.com\/store\/wp-json\/wp\/v2\/types\/product"}],"replies":[{"embeddable":true,"href":"https:\/\/resourcesfordanceteachers.com\/store\/wp-json\/wp\/v2\/comments?post=67"}],"wp:featuredmedia":[{"embeddable":true,"href":"https:\/\/resourcesfordanceteachers.com\/store\/wp-json\/wp\/v2\/media\/3276"}],"wp:attachment":[{"href":"https:\/\/resourcesfordanceteachers.com\/store\/wp-json\/wp\/v2\/media?parent=67"}],"wp:term":[{"taxonomy":"product_cat","embeddable":true,"href":"https:\/\/resourcesfordanceteachers.com\/store\/wp-json\/wp\/v2\/product_cat?post=67"},{"taxonomy":"product_tag","embeddable":true,"href":"https:\/\/resourcesfordanceteachers.com\/store\/wp-json\/wp\/v2\/product_tag?post=67"}],"curies":[{"name":"wp","href":"https:\/\/api.w.org\/{rel}","templated":true}]}}