{"id":818,"date":"2018-08-27T00:23:35","date_gmt":"2018-08-27T00:23:35","guid":{"rendered":"https:\/\/resourcesfordanceteachers.com\/store\/?post_type=product&#038;p=818"},"modified":"2020-11-21T05:16:01","modified_gmt":"2020-11-21T05:16:01","slug":"ballet-coloring-pages-boys","status":"publish","type":"product","link":"https:\/\/resourcesfordanceteachers.com\/store\/product\/ballet-coloring-pages-boys\/","title":{"rendered":"Ballet coloring pages for boys"},"content":{"rendered":"<p>The long awaited Ballet coloring pages for boys value pack is here! \u00a0The pack features 10 beautifully hand drawn illustrations. Pages include first position, second position, pli\u00e9, tendu, saut\u00e9, retir\u00e9\/pass\u00e9, relev\u00e9\/elev\u00e9 and a welcome to dance class page. \u00a0These delightful ballet colouring pages especially for boys are an absolute hit and help the boys in your class feel included and valued. Buy them once and print them out again and again or share them online. These are perfect for classes, workshops and ballet parties.<\/p>\n<p>&nbsp;<\/p>\n<div id=\"jp-relatedposts\" class=\"jp-relatedposts\"><\/div>\n<p>&nbsp;<\/p>\n","protected":false},"excerpt":{"rendered":"<p>The long awaited Ballet coloring pages for boys value pack is here! \u00a0The pack features 10 beautifully hand drawn illustrations. Pages include first position, second position, pli\u00e9, tendu, saut\u00e9, retir\u00e9\/pass\u00e9, relev\u00e9\/elev\u00e9 and a welcome to dance class page. \u00a0These delightful ballet colouring pages especially for boys are an absolute hit and help the boys in [&hellip;]<\/p>\n","protected":false},"featured_media":819,"comment_status":"closed","ping_status":"closed","template":"","meta":{"spay_email":"","jetpack_publicize_message":"","jetpack_is_tweetstorm":false,"jetpack_publicize_feature_enabled":true},"product_cat":[187,18,376],"product_tag":[],"class_list":["post-818","product","type-product","status-publish","has-post-thumbnail","hentry","product_cat-ballet-activites","product_cat-coloring-pages","product_cat-ballet-teacher-resources"],"jetpack_publicize_connections":[],"jetpack-related-posts":[{"id":4328,"url":"https:\/\/resourcesfordanceteachers.com\/store\/product\/ballet-coloring-pages-5-positions-boys\/","url_meta":{"origin":818,"position":0},"title":"Boy&#8217;s Ballet Coloring Pages &#8211; 5 positions","date":"October 15, 2021","format":false,"excerpt":"Boy's Ballet Coloring Pages - 5 positions - By popular demand, please find our super popular ballet coloring pages showing the 5 positions of the feet. \u00a0Joining our range of technically correct and beautifully designed ballet coloring pages is this 5 positions of the feet collection for boys. \u00a0These boy's\u2026","rel":"","context":"Similar post","img":{"alt_text":"","src":"https:\/\/i0.wp.com\/resourcesfordanceteachers.com\/store\/wp-content\/uploads\/2021\/10\/1-1.jpg?resize=350%2C200&ssl=1","width":350,"height":200},"classes":[]},{"id":1054,"url":"https:\/\/resourcesfordanceteachers.com\/store\/product\/boys-girls-preschool-ballet-coloring-pages-seasonal-holiday\/","url_meta":{"origin":818,"position":1},"title":"Girls and Boys Preschool Ballet Coloring Pages Seasonal and holiday","date":"February 13, 2019","format":false,"excerpt":"Boys and girls Preschool Ballet coloring pages -\u00a0Seasonal and Holiday No more scouring the internet for the perfect boys and girls Preschool Ballet coloring pages! \u00a0They are here - all in a complete coloring page pack for boys and girls!!! Resources for dance teachers has you covered with preschool ballet\u2026","rel":"","context":"Similar post","img":{"alt_text":"","src":"https:\/\/i1.wp.com\/resourcesfordanceteachers.com\/store\/wp-content\/uploads\/2019\/02\/IMG_3090.jpg?resize=350%2C200&ssl=1","width":350,"height":200},"classes":[]},{"id":4334,"url":"https:\/\/resourcesfordanceteachers.com\/store\/product\/girls-ballet-coloring-pages-5-positions\/","url_meta":{"origin":818,"position":2},"title":"Girls ballet coloring pages &#8211; 5 positions","date":"October 15, 2021","format":false,"excerpt":"Girls Ballet Coloring Pages - 5 positions By popular demand, please find Nina Ballerina in her newest series - \u00a0 girls ballet coloring pages- 5 positions of the feet. \u00a0Joining our range of technically correct and beautifully designed ballet coloring pages is this 5 positions of the feet collection for\u2026","rel":"","context":"Similar post","img":{"alt_text":"","src":"https:\/\/i2.wp.com\/resourcesfordanceteachers.com\/store\/wp-content\/uploads\/2021\/10\/1-2.jpg?resize=350%2C200&ssl=1","width":350,"height":200},"classes":[]},{"id":67,"url":"https:\/\/resourcesfordanceteachers.com\/store\/product\/preschool-dance-colouring-pages-value-pack\/","url_meta":{"origin":818,"position":3},"title":"Preschool Dance colouring pages value pack &#8211; girls","date":"January 9, 2018","format":false,"excerpt":"Preschool Dance Colouring Pages - value pack Delight your baby ballerinas with these beautiful Nina Ballerina Preschool Ballet \u00a0colouring pages. \u00a0Reinforce the new steps and technical terms you are teaching in class. \u00a0These ballet colouring pages are also perfect for ballerina birthday parties and ballet camps. \u00a0My preschool classes are\u2026","rel":"","context":"Similar post","img":{"alt_text":"","src":"https:\/\/i1.wp.com\/resourcesfordanceteachers.com\/store\/wp-content\/uploads\/2018\/01\/1.png?resize=350%2C200&ssl=1","width":350,"height":200},"classes":[]},{"id":1977,"url":"https:\/\/resourcesfordanceteachers.com\/store\/product\/christmas-ballet-activity-pack\/","url_meta":{"origin":818,"position":4},"title":"Christmas Ballet Activity Pack","date":"November 18, 2019","format":false,"excerpt":"These Christmas Ballet Activity sheets are an absolute hit with my dancers. These are perfect for those last lessons before Christmas break. Included in the pack are ten Christmas themed activity sheets for boys and girls. Activities include Boy and Girl coloring pages Boy and Girl copy to draw Help\u2026","rel":"","context":"Similar post","img":{"alt_text":"","src":"https:\/\/i1.wp.com\/resourcesfordanceteachers.com\/store\/wp-content\/uploads\/2019\/11\/5-1.jpg?resize=350%2C200&ssl=1","width":350,"height":200},"classes":[]},{"id":3041,"url":"https:\/\/resourcesfordanceteachers.com\/store\/product\/dance-styles-coloring-sheets\/","url_meta":{"origin":818,"position":5},"title":"Dance styles coloring sheets","date":"August 25, 2020","format":false,"excerpt":"By popular demand, the downloadable dance styles coloring sheets for boys and girls is here! These beautifully drawn coloring sheets represent both boys and girl in ballet, jazz, tap, hip hop and lyrical\/contemporary. These ever popular coloring sheets are perfect for giving out in class or distributing online. Once you\u2026","rel":"","context":"Similar post","img":{"alt_text":"","src":"https:\/\/i1.wp.com\/resourcesfordanceteachers.com\/store\/wp-content\/uploads\/2020\/08\/1.png?resize=350%2C200&ssl=1","width":350,"height":200},"classes":[]}],"_links":{"self":[{"href":"https:\/\/resourcesfordanceteachers.com\/store\/wp-json\/wp\/v2\/product\/818","targetHints":{"allow":["GET"]}}],"collection":[{"href":"https:\/\/resourcesfordanceteachers.com\/store\/wp-json\/wp\/v2\/product"}],"about":[{"href":"https:\/\/resourcesfordanceteachers.com\/store\/wp-json\/wp\/v2\/types\/product"}],"replies":[{"embeddable":true,"href":"https:\/\/resourcesfordanceteachers.com\/store\/wp-json\/wp\/v2\/comments?post=818"}],"wp:featuredmedia":[{"embeddable":true,"href":"https:\/\/resourcesfordanceteachers.com\/store\/wp-json\/wp\/v2\/media\/819"}],"wp:attachment":[{"href":"https:\/\/resourcesfordanceteachers.com\/store\/wp-json\/wp\/v2\/media?parent=818"}],"wp:term":[{"taxonomy":"product_cat","embeddable":true,"href":"https:\/\/resourcesfordanceteachers.com\/store\/wp-json\/wp\/v2\/product_cat?post=818"},{"taxonomy":"product_tag","embeddable":true,"href":"https:\/\/resourcesfordanceteachers.com\/store\/wp-json\/wp\/v2\/product_tag?post=818"}],"curies":[{"name":"wp","href":"https:\/\/api.w.org\/{rel}","templated":true}]}}